{"id":98,"date":"2020-03-12T12:43:38","date_gmt":"2020-03-12T12:43:38","guid":{"rendered":"https:\/\/www.plenio-online.de\/?page_id=98"},"modified":"2020-03-20T13:19:38","modified_gmt":"2020-03-20T13:19:38","slug":"meine-leistungen-und-preise-auf-einen-blick","status":"publish","type":"page","link":"https:\/\/www.plenio-online.de\/index.php\/meine-leistungen-und-preise-auf-einen-blick\/","title":{"rendered":"Meine Leistungen und Preise auf einen Blick"},"content":{"rendered":"\n<div class=\"wp-block-themeisle-blocks-advanced-columns alignfull has-1-columns has-desktop-equal-layout has-tablet-equal-layout has-mobile-equal-layout has-default-gap has-vertical-unset\" id=\"wp-block-themeisle-blocks-advanced-columns-33e7aac1\"><div class=\"wp-block-themeisle-blocks-advanced-columns-overlay\"><\/div><div class=\"innerblocks-wrap\">\n<div class=\"wp-block-themeisle-blocks-advanced-column\" id=\"wp-block-themeisle-blocks-advanced-column-95fcb8ea\">\n<h2 id=\"wp-block-themeisle-blocks-advanced-heading-7923dc5a\" class=\"wp-block-themeisle-blocks-advanced-heading wp-block-themeisle-blocks-advanced-heading-7923dc5a\">Die unten stehenden Angebote spiegeln nur einen kleinen Teil meiner Dienstleistungen wieder. <\/h2>\n\n\n\n<div class=\"wp-block-themeisle-blocks-advanced-columns has-3-columns has-desktop-equal-layout has-tablet-equal-layout has-mobile-collapsedRows-layout has-default-gap has-vertical-unset\" id=\"wp-block-themeisle-blocks-advanced-columns-7f82942c\"><div class=\"wp-block-themeisle-blocks-advanced-columns-overlay\"><\/div><div class=\"innerblocks-wrap\">\n<div class=\"wp-block-themeisle-blocks-advanced-column\" id=\"wp-block-themeisle-blocks-advanced-column-c57285c1\">\n<div class=\"wp-block-themeisle-blocks-testimonials\">\n<p class=\"wp-block-themeisle-blocks-font-awesome-icons\" id=\"wp-block-themeisle-blocks-font-awesome-icons-2c50bf3a\"><span class=\"wp-block-themeisle-blocks-font-awesome-icons-container\"><i class=\"fas fa-desktop\"><\/i><\/span><\/p>\n\n\n\n<h3 id=\"wp-block-themeisle-blocks-advanced-heading-b2fee498\" class=\"wp-block-themeisle-blocks-advanced-heading wp-block-themeisle-blocks-advanced-heading-b2fee498\">Installation \/ Upgrade von Windows 10<\/h3>\n\n\n\n<p id=\"wp-block-themeisle-blocks-advanced-heading-1283fb20\" class=\"wp-block-themeisle-blocks-advanced-heading wp-block-themeisle-blocks-advanced-heading-1283fb20\">Neu Installation oder Upgrade Ihrer bestehenden Windows Installation (Windows 7 oder 8) auf das aktuellste Windows 10 incl. Treiber Installation.<br>Incl. \u00dcbernahme bestehender Daten bei einem Upgrade von Windows 7 oder 8  <\/p>\n\n\n\n<h3 id=\"wp-block-themeisle-blocks-advanced-heading-f669a90b\" class=\"wp-block-themeisle-blocks-advanced-heading wp-block-themeisle-blocks-advanced-heading-f669a90b\">40 \u20ac<\/h3>\n<\/div>\n<\/div>\n\n\n\n<div class=\"wp-block-themeisle-blocks-advanced-column\" id=\"wp-block-themeisle-blocks-advanced-column-eb2b9db5\">\n<div class=\"wp-block-themeisle-blocks-testimonials\">\n<p class=\"wp-block-themeisle-blocks-font-awesome-icons\" id=\"wp-block-themeisle-blocks-font-awesome-icons-7fdda084\"><span class=\"wp-block-themeisle-blocks-font-awesome-icons-container\"><i class=\"fas fa-desktop\"><\/i><\/span><\/p>\n\n\n\n<h3 id=\"wp-block-themeisle-blocks-advanced-heading-71abdf1b\" class=\"wp-block-themeisle-blocks-advanced-heading wp-block-themeisle-blocks-advanced-heading-71abdf1b\">Daten\u00fcbernahme bei Wechsel eines PCs<\/h3>\n\n\n\n<p id=\"wp-block-themeisle-blocks-advanced-heading-b1b51021\" class=\"wp-block-themeisle-blocks-advanced-heading wp-block-themeisle-blocks-advanced-heading-b1b51021\">Ersteinrichtung Ihres neuen PCs mit den Programmen Ihres alten PCs (sofern Kompatibel). \u00dcbernahme Ihrer Daten, Dokumente etc.<\/p>\n\n\n\n<h6 id=\"wp-block-themeisle-blocks-advanced-heading-0b2da26b\" class=\"wp-block-themeisle-blocks-advanced-heading wp-block-themeisle-blocks-advanced-heading-0b2da26b\">100 \u20ac<\/h6>\n<\/div>\n<\/div>\n\n\n\n<div class=\"wp-block-themeisle-blocks-advanced-column\" id=\"wp-block-themeisle-blocks-advanced-column-b6e64c4d\">\n<div class=\"wp-block-themeisle-blocks-testimonials\">\n<p class=\"wp-block-themeisle-blocks-font-awesome-icons\" id=\"wp-block-themeisle-blocks-font-awesome-icons-26d36742\"><span class=\"wp-block-themeisle-blocks-font-awesome-icons-container\"><i class=\"fas fa-desktop\"><\/i><\/span><\/p>\n\n\n\n<h3 id=\"wp-block-themeisle-blocks-advanced-heading-5991a47b\" class=\"wp-block-themeisle-blocks-advanced-heading wp-block-themeisle-blocks-advanced-heading-5991a47b\">Fehlerdiagnose PC oder Notebook<\/h3>\n\n\n\n<p id=\"wp-block-themeisle-blocks-advanced-heading-1323269b\" class=\"wp-block-themeisle-blocks-advanced-heading wp-block-themeisle-blocks-advanced-heading-1323269b\">Der PC streikt und keiner wei\u00df woran es liegt? Dann sind zum Teil langwierige Tests notwendig um den Fehler auf die Spur zu kommen. Um unn\u00f6tige \u00dcberraschungen zu vermeiden biete ich Ihnen diesen Service zum Festpreis an.<\/p>\n\n\n\n<h6 id=\"wp-block-themeisle-blocks-advanced-heading-9a1b9bf9\" class=\"wp-block-themeisle-blocks-advanced-heading wp-block-themeisle-blocks-advanced-heading-9a1b9bf9\">25 \u20ac<\/h6>\n<\/div>\n<\/div>\n<\/div><\/div>\n\n\n\n<div class=\"wp-block-themeisle-blocks-advanced-columns has-3-columns has-desktop-equal-layout has-tablet-equal-layout has-mobile-collapsedRows-layout has-default-gap has-vertical-unset\" id=\"wp-block-themeisle-blocks-advanced-columns-c580cc26\"><div class=\"wp-block-themeisle-blocks-advanced-columns-overlay\"><\/div><div class=\"innerblocks-wrap\">\n<div class=\"wp-block-themeisle-blocks-advanced-column\" id=\"wp-block-themeisle-blocks-advanced-column-23f6cd01\">\n<div class=\"wp-block-themeisle-blocks-testimonials\">\n<p class=\"wp-block-themeisle-blocks-font-awesome-icons\" id=\"wp-block-themeisle-blocks-font-awesome-icons-4c6a4b6e\"><span class=\"wp-block-themeisle-blocks-font-awesome-icons-container\"><i class=\"fas fa-desktop\"><\/i><\/span><\/p>\n\n\n\n<h3 id=\"wp-block-themeisle-blocks-advanced-heading-2c2f4baf\" class=\"wp-block-themeisle-blocks-advanced-heading wp-block-themeisle-blocks-advanced-heading-2c2f4baf\">Austausch defekter Hardware am PC<\/h3>\n\n\n\n<p id=\"wp-block-themeisle-blocks-advanced-heading-9be395d3\" class=\"wp-block-themeisle-blocks-advanced-heading wp-block-themeisle-blocks-advanced-heading-9be395d3\">Egal ob defektes Netzteil, Grafikkarte oder schlimmeres. Einzelne Komponenten werden bei mir zum Festpreis getauscht und anschlie\u00dfend wird der PC auf Funktion gepr\u00fcft und eventuelle Treiber installiert. <\/p>\n\n\n\n<h6 id=\"wp-block-themeisle-blocks-advanced-heading-5dc45215\" class=\"wp-block-themeisle-blocks-advanced-heading wp-block-themeisle-blocks-advanced-heading-5dc45215\">30 \u20ac<\/h6>\n<\/div>\n<\/div>\n\n\n\n<div class=\"wp-block-themeisle-blocks-advanced-column\" id=\"wp-block-themeisle-blocks-advanced-column-4231d560\">\n<div class=\"wp-block-themeisle-blocks-testimonials\">\n<p class=\"wp-block-themeisle-blocks-font-awesome-icons\" id=\"wp-block-themeisle-blocks-font-awesome-icons-30b8e0d0\"><span class=\"wp-block-themeisle-blocks-font-awesome-icons-container\"><i class=\"fas fa-desktop\"><\/i><\/span><\/p>\n\n\n\n<h3 id=\"wp-block-themeisle-blocks-advanced-heading-bd3396df\" class=\"wp-block-themeisle-blocks-advanced-heading wp-block-themeisle-blocks-advanced-heading-bd3396df\">Upgrade einer HDD zu einer SSD<\/h3>\n\n\n\n<p id=\"wp-block-themeisle-blocks-advanced-heading-2b1d1770\" class=\"wp-block-themeisle-blocks-advanced-heading wp-block-themeisle-blocks-advanced-heading-2b1d1770\">Austausch Ihrer alten HDD Festplatte durch eine neue schnellere SSD (max 500 GB). Clonen der Daten auf die neue SSD mit anschlie\u00dfender Funktionspr\u00fcfung von Windows.<br><strong>Preis inclusive einer 500 GB Marken SSD!<\/strong><\/p>\n\n\n\n<h6 id=\"wp-block-themeisle-blocks-advanced-heading-3210b4ce\" class=\"wp-block-themeisle-blocks-advanced-heading wp-block-themeisle-blocks-advanced-heading-3210b4ce\">150 \u20ac<\/h6>\n<\/div>\n<\/div>\n\n\n\n<div class=\"wp-block-themeisle-blocks-advanced-column\" id=\"wp-block-themeisle-blocks-advanced-column-9bd8dfdb\">\n<div class=\"wp-block-themeisle-blocks-testimonials\">\n<p class=\"wp-block-themeisle-blocks-font-awesome-icons\" id=\"wp-block-themeisle-blocks-font-awesome-icons-2ca07181\"><span class=\"wp-block-themeisle-blocks-font-awesome-icons-container\"><i class=\"fas fa-desktop\"><\/i><\/span><\/p>\n\n\n\n<h3 id=\"wp-block-themeisle-blocks-advanced-heading-ce3bdf04\" class=\"wp-block-themeisle-blocks-advanced-heading wp-block-themeisle-blocks-advanced-heading-ce3bdf04\">Zusammenbau Ihres Wunsch PCs<\/h3>\n\n\n\n<p id=\"wp-block-themeisle-blocks-advanced-heading-525f44ab\" class=\"wp-block-themeisle-blocks-advanced-heading wp-block-themeisle-blocks-advanced-heading-525f44ab\">Egal ob Gaming PC oder Desktop PC, ich k\u00fcmmere mich um den Zusammenbau Ihres Wunsch PCs. Auf Wunsch helfe ich Ihnen auch bei der richtigen Wahl der Komponenten<\/p>\n\n\n\n<h6 id=\"wp-block-themeisle-blocks-advanced-heading-8adfe989\" class=\"wp-block-themeisle-blocks-advanced-heading wp-block-themeisle-blocks-advanced-heading-8adfe989\">50 \u20ac<\/h6>\n<\/div>\n<\/div>\n<\/div><\/div>\n\n\n\n<div class=\"wp-block-themeisle-blocks-advanced-columns has-3-columns has-desktop-equal-layout has-tablet-equal-layout has-mobile-collapsedRows-layout has-default-gap has-vertical-unset\" id=\"wp-block-themeisle-blocks-advanced-columns-80707879\"><div class=\"wp-block-themeisle-blocks-advanced-columns-overlay\"><\/div><div class=\"innerblocks-wrap\">\n<div class=\"wp-block-themeisle-blocks-advanced-column\" id=\"wp-block-themeisle-blocks-advanced-column-ce6a3102\">\n<div class=\"wp-block-themeisle-blocks-testimonials\">\n<p class=\"wp-block-themeisle-blocks-font-awesome-icons\" id=\"wp-block-themeisle-blocks-font-awesome-icons-1095d41a\"><span class=\"wp-block-themeisle-blocks-font-awesome-icons-container\"><i class=\"fas fa-wifi\"><\/i><\/span><\/p>\n\n\n\n<h3 id=\"wp-block-themeisle-blocks-advanced-heading-2f348d5f\" class=\"wp-block-themeisle-blocks-advanced-heading wp-block-themeisle-blocks-advanced-heading-2f348d5f\">Einrichtung Telefon \/ DSL Anschluss<\/h3>\n\n\n\n<p id=\"wp-block-themeisle-blocks-advanced-heading-864b4aa8\" class=\"wp-block-themeisle-blocks-advanced-heading wp-block-themeisle-blocks-advanced-heading-864b4aa8\">Anschluss &amp; Einrichtung Ihres neuen Routers. Mit Einrichtung des WLANs oder LANs und Ihrer Telefone. <\/p>\n\n\n\n<h6 id=\"wp-block-themeisle-blocks-advanced-heading-2e043bb7\" class=\"wp-block-themeisle-blocks-advanced-heading wp-block-themeisle-blocks-advanced-heading-2e043bb7\">40 \u20ac<\/h6>\n<\/div>\n<\/div>\n\n\n\n<div class=\"wp-block-themeisle-blocks-advanced-column\" id=\"wp-block-themeisle-blocks-advanced-column-38837307\">\n<div class=\"wp-block-themeisle-blocks-testimonials\">\n<p class=\"wp-block-themeisle-blocks-font-awesome-icons\" id=\"wp-block-themeisle-blocks-font-awesome-icons-80876b73\"><span class=\"wp-block-themeisle-blocks-font-awesome-icons-container\"><i class=\"fas fa-print\"><\/i><\/span><\/p>\n\n\n\n<h3 id=\"wp-block-themeisle-blocks-advanced-heading-b6df120c\" class=\"wp-block-themeisle-blocks-advanced-heading wp-block-themeisle-blocks-advanced-heading-b6df120c\">Einrichtung Drucker<\/h3>\n\n\n\n<p id=\"wp-block-themeisle-blocks-advanced-heading-eaee1fb0\" class=\"wp-block-themeisle-blocks-advanced-heading wp-block-themeisle-blocks-advanced-heading-eaee1fb0\">Einrichtung Ihres neuen Druckers \/ Multifunktionsger\u00e4tes mit Netzwerkeinrichtung und Treiberinstallation (sofern notwendig) und kurzer Einweisung in die Funktionsweise.<\/p>\n\n\n\n<h6 id=\"wp-block-themeisle-blocks-advanced-heading-b7dc824c\" class=\"wp-block-themeisle-blocks-advanced-heading wp-block-themeisle-blocks-advanced-heading-b7dc824c\">40 \u20ac<\/h6>\n<\/div>\n<\/div>\n\n\n\n<div class=\"wp-block-themeisle-blocks-advanced-column\" id=\"wp-block-themeisle-blocks-advanced-column-03188089\">\n<div class=\"wp-block-themeisle-blocks-testimonials\">\n<p class=\"wp-block-themeisle-blocks-font-awesome-icons\" id=\"wp-block-themeisle-blocks-font-awesome-icons-d55bee3c\"><span class=\"wp-block-themeisle-blocks-font-awesome-icons-container\"><i class=\"fab fa-teamspeak\"><\/i><\/span><\/p>\n\n\n\n<h3 id=\"wp-block-themeisle-blocks-advanced-heading-6b26dc83\" class=\"wp-block-themeisle-blocks-advanced-heading wp-block-themeisle-blocks-advanced-heading-6b26dc83\">Problembehebung durch Fernwartung<\/h3>\n\n\n\n<p id=\"wp-block-themeisle-blocks-advanced-heading-46d13848\" class=\"wp-block-themeisle-blocks-advanced-heading wp-block-themeisle-blocks-advanced-heading-46d13848\">Viele Probleme lassen sich auch bequem per Fernwartung erledigen. Berechnet wird das ganze pro angefangener halben Stunde. Meistens geht alles so schnell das 30 Minuten vollkommen ausreichend sind.<\/p>\n\n\n\n<h6 id=\"wp-block-themeisle-blocks-advanced-heading-2044d9a5\" class=\"wp-block-themeisle-blocks-advanced-heading wp-block-themeisle-blocks-advanced-heading-2044d9a5\">15 \u20ac<\/h6>\n<\/div>\n<\/div>\n<\/div><\/div>\n\n\n\n<h2 id=\"wp-block-themeisle-blocks-advanced-heading-2492122d\" class=\"wp-block-themeisle-blocks-advanced-heading wp-block-themeisle-blocks-advanced-heading-2492122d\">Die Preise verstehen sich immer inklusive Mehrwertsteuer und zuz\u00fcglich eventuell ben\u00f6tigter Hardware \/ Ersatzteile (sofern nicht anders erw\u00e4hnt).<\/h2>\n<\/div>\n<\/div><\/div>\n\n\n\n<p><\/p>\n","protected":false},"excerpt":{"rendered":"","protected":false},"author":1,"featured_media":52,"parent":0,"menu_order":0,"comment_status":"closed","ping_status":"closed","template":"","meta":{"footnotes":""},"yoast_head":"<!-- This site is optimized with the Yoast SEO plugin v21.7 - https:\/\/yoast.com\/wordpress\/plugins\/seo\/ -->\n<title>Meine Leistungen und Preise auf einen Blick<\/title>\n<meta name=\"robots\" content=\"index, follow, max-snippet:-1, max-image-preview:large, max-video-preview:-1\" \/>\n<link rel=\"canonical\" href=\"https:\/\/www.plenio-online.de\/index.php\/meine-leistungen-und-preise-auf-einen-blick\/\" \/>\n<meta property=\"og:locale\" content=\"de_DE\" \/>\n<meta property=\"og:type\" content=\"article\" \/>\n<meta property=\"og:title\" content=\"Meine Leistungen und Preise auf einen Blick\" \/>\n<meta property=\"og:url\" content=\"https:\/\/www.plenio-online.de\/index.php\/meine-leistungen-und-preise-auf-einen-blick\/\" \/>\n<meta property=\"og:site_name\" content=\"Computerservice Ronny Plenio\" \/>\n<meta property=\"article:modified_time\" content=\"2020-03-20T13:19:38+00:00\" \/>\n<meta property=\"og:image\" content=\"https:\/\/www.plenio-online.de\/wp-content\/uploads\/2019\/03\/31876584947_a27f1cd5df_b.jpg\" \/>\n\t<meta property=\"og:image:width\" content=\"1024\" \/>\n\t<meta property=\"og:image:height\" content=\"685\" \/>\n\t<meta property=\"og:image:type\" content=\"image\/jpeg\" \/>\n<meta name=\"twitter:card\" content=\"summary_large_image\" \/>\n<meta name=\"twitter:label1\" content=\"Gesch\u00e4tzte Lesezeit\" \/>\n\t<meta name=\"twitter:data1\" content=\"2\u00a0Minuten\" \/>\n<script type=\"application\/ld+json\" class=\"yoast-schema-graph\">{\"@context\":\"https:\/\/schema.org\",\"@graph\":[{\"@type\":\"WebPage\",\"@id\":\"https:\/\/www.plenio-online.de\/index.php\/meine-leistungen-und-preise-auf-einen-blick\/\",\"url\":\"https:\/\/www.plenio-online.de\/index.php\/meine-leistungen-und-preise-auf-einen-blick\/\",\"name\":\"Meine Leistungen und Preise auf einen Blick\",\"isPartOf\":{\"@id\":\"https:\/\/www.plenio-online.de\/#website\"},\"datePublished\":\"2020-03-12T12:43:38+00:00\",\"dateModified\":\"2020-03-20T13:19:38+00:00\",\"breadcrumb\":{\"@id\":\"https:\/\/www.plenio-online.de\/index.php\/meine-leistungen-und-preise-auf-einen-blick\/#breadcrumb\"},\"inLanguage\":\"de\",\"potentialAction\":[{\"@type\":\"ReadAction\",\"target\":[\"https:\/\/www.plenio-online.de\/index.php\/meine-leistungen-und-preise-auf-einen-blick\/\"]}]},{\"@type\":\"BreadcrumbList\",\"@id\":\"https:\/\/www.plenio-online.de\/index.php\/meine-leistungen-und-preise-auf-einen-blick\/#breadcrumb\",\"itemListElement\":[{\"@type\":\"ListItem\",\"position\":1,\"name\":\"Startseite\",\"item\":\"https:\/\/www.plenio-online.de\/\"},{\"@type\":\"ListItem\",\"position\":2,\"name\":\"Meine Leistungen und Preise auf einen Blick\"}]},{\"@type\":\"WebSite\",\"@id\":\"https:\/\/www.plenio-online.de\/#website\",\"url\":\"https:\/\/www.plenio-online.de\/\",\"name\":\"Computerservice Ronny Plenio\",\"description\":\"\",\"potentialAction\":[{\"@type\":\"SearchAction\",\"target\":{\"@type\":\"EntryPoint\",\"urlTemplate\":\"https:\/\/www.plenio-online.de\/?s={search_term_string}\"},\"query-input\":\"required name=search_term_string\"}],\"inLanguage\":\"de\"}]}<\/script>\n<!-- \/ Yoast SEO plugin. -->","yoast_head_json":{"title":"Meine Leistungen und Preise auf einen Blick","robots":{"index":"index","follow":"follow","max-snippet":"max-snippet:-1","max-image-preview":"max-image-preview:large","max-video-preview":"max-video-preview:-1"},"canonical":"https:\/\/www.plenio-online.de\/index.php\/meine-leistungen-und-preise-auf-einen-blick\/","og_locale":"de_DE","og_type":"article","og_title":"Meine Leistungen und Preise auf einen Blick","og_url":"https:\/\/www.plenio-online.de\/index.php\/meine-leistungen-und-preise-auf-einen-blick\/","og_site_name":"Computerservice Ronny Plenio","article_modified_time":"2020-03-20T13:19:38+00:00","og_image":[{"width":1024,"height":685,"url":"https:\/\/www.plenio-online.de\/wp-content\/uploads\/2019\/03\/31876584947_a27f1cd5df_b.jpg","type":"image\/jpeg"}],"twitter_card":"summary_large_image","twitter_misc":{"Gesch\u00e4tzte Lesezeit":"2\u00a0Minuten"},"schema":{"@context":"https:\/\/schema.org","@graph":[{"@type":"WebPage","@id":"https:\/\/www.plenio-online.de\/index.php\/meine-leistungen-und-preise-auf-einen-blick\/","url":"https:\/\/www.plenio-online.de\/index.php\/meine-leistungen-und-preise-auf-einen-blick\/","name":"Meine Leistungen und Preise auf einen Blick","isPartOf":{"@id":"https:\/\/www.plenio-online.de\/#website"},"datePublished":"2020-03-12T12:43:38+00:00","dateModified":"2020-03-20T13:19:38+00:00","breadcrumb":{"@id":"https:\/\/www.plenio-online.de\/index.php\/meine-leistungen-und-preise-auf-einen-blick\/#breadcrumb"},"inLanguage":"de","potentialAction":[{"@type":"ReadAction","target":["https:\/\/www.plenio-online.de\/index.php\/meine-leistungen-und-preise-auf-einen-blick\/"]}]},{"@type":"BreadcrumbList","@id":"https:\/\/www.plenio-online.de\/index.php\/meine-leistungen-und-preise-auf-einen-blick\/#breadcrumb","itemListElement":[{"@type":"ListItem","position":1,"name":"Startseite","item":"https:\/\/www.plenio-online.de\/"},{"@type":"ListItem","position":2,"name":"Meine Leistungen und Preise auf einen Blick"}]},{"@type":"WebSite","@id":"https:\/\/www.plenio-online.de\/#website","url":"https:\/\/www.plenio-online.de\/","name":"Computerservice Ronny Plenio","description":"","potentialAction":[{"@type":"SearchAction","target":{"@type":"EntryPoint","urlTemplate":"https:\/\/www.plenio-online.de\/?s={search_term_string}"},"query-input":"required name=search_term_string"}],"inLanguage":"de"}]}},"jetpack_sharing_enabled":true,"jetpack_shortlink":"https:\/\/wp.me\/PaOZXD-1A","_links":{"self":[{"href":"https:\/\/www.plenio-online.de\/index.php\/wp-json\/wp\/v2\/pages\/98"}],"collection":[{"href":"https:\/\/www.plenio-online.de\/index.php\/wp-json\/wp\/v2\/pages"}],"about":[{"href":"https:\/\/www.plenio-online.de\/index.php\/wp-json\/wp\/v2\/types\/page"}],"author":[{"embeddable":true,"href":"https:\/\/www.plenio-online.de\/index.php\/wp-json\/wp\/v2\/users\/1"}],"replies":[{"embeddable":true,"href":"https:\/\/www.plenio-online.de\/index.php\/wp-json\/wp\/v2\/comments?post=98"}],"version-history":[{"count":8,"href":"https:\/\/www.plenio-online.de\/index.php\/wp-json\/wp\/v2\/pages\/98\/revisions"}],"predecessor-version":[{"id":107,"href":"https:\/\/www.plenio-online.de\/index.php\/wp-json\/wp\/v2\/pages\/98\/revisions\/107"}],"wp:featuredmedia":[{"embeddable":true,"href":"https:\/\/www.plenio-online.de\/index.php\/wp-json\/wp\/v2\/media\/52"}],"wp:attachment":[{"href":"https:\/\/www.plenio-online.de\/index.php\/wp-json\/wp\/v2\/media?parent=98"}],"curies":[{"name":"wp","href":"https:\/\/api.w.org\/{rel}","templated":true}]}}