{"id":515,"date":"2020-03-19T12:36:58","date_gmt":"2020-03-19T12:36:58","guid":{"rendered":"https:\/\/www.plenio-online.de\/index.php\/agb\/"},"modified":"2020-07-29T07:26:34","modified_gmt":"2020-07-29T07:26:34","slug":"agb","status":"publish","type":"page","link":"https:\/\/www.plenio-online.de\/index.php\/agb\/","title":{"rendered":"AGB"},"content":{"rendered":"\n<p><strong>Allgemeine Gesch\u00e4ftsbedingungen<\/strong><\/p>\n\n\n\n<p><strong>1.&nbsp;Geltungsbereich<\/strong><\/p>\n\n\n\n<p>F\u00fcr alle Bestellungen \u00fcber unseren Online-Shop gelten die nachfolgenden AGB. Unser Online-Shop richtet sich ausschlie\u00dflich an Verbraucher.<\/p>\n\n\n\n<p>Verbraucher ist jede nat\u00fcrliche Person, die ein Rechtsgesch\u00e4ft zu Zwecken abschlie\u00dft, die \u00fcberwiegend weder ihrer gewerblichen noch ihrer selbst\u00e4ndigen beruflichen T\u00e4tigkeit zugerechnet werden k\u00f6nnen. Unternehmer ist eine nat\u00fcrliche oder juristische Person oder eine rechtsf\u00e4hige Personengesellschaft, die bei Abschluss eines Rechtsgesch\u00e4fts in Aus\u00fcbung ihrer gewerblichen oder selbst\u00e4ndigen beruflichen T\u00e4tigkeit handelt.<\/p>\n\n\n\n<p><strong>2.&nbsp;Vertragspartner, Vertragsschluss, Korrekturm\u00f6glichkeiten<\/strong><\/p>\n\n\n\n<p>Der Kaufvertrag kommt zustande mit Onlinehandel Ronny Plenio.<\/p>\n\n\n\n<p>Mit Einstellung der Produkte in den Online-Shop geben wir ein verbindliches Angebot zum Vertragsschluss \u00fcber diese Artikel ab. Sie k\u00f6nnen unsere Produkte zun\u00e4chst unverbindlich in den Warenkorb legen und Ihre Eingaben vor Absenden Ihrer verbindlichen Bestellung jederzeit korrigieren, indem Sie die hierf\u00fcr im Bestellablauf vorgesehenen und erl\u00e4uterten Korrekturhilfen nutzen. Der Vertrag kommt zustande, indem Sie durch Anklicken des Bestellbuttons das Angebot \u00fcber die im Warenkorb enthaltenen Waren annehmen. Unmittelbar nach dem Absenden der Bestellung erhalten Sie noch einmal eine Best\u00e4tigung per E-Mail.<\/p>\n\n\n\n<p><strong>3.&nbsp;Vertragssprache, Vertragstextspeicherung<\/strong><\/p>\n\n\n\n<p>Die f\u00fcr den Vertragsschluss zur Verf\u00fcgung stehende Sprache ist Deutsch.<\/p>\n\n\n\n<p>Wir speichern den Vertragstext und senden Ihnen die Bestelldaten und unsere AGB in Textform zu. Den Vertragstext k\u00f6nnen Sie in unserem Kunden-Login einsehen.<\/p>\n\n\n\n<p><strong>4.&nbsp;Lieferbedingungen<\/strong><\/p>\n\n\n\n<p>Zuz\u00fcglich zu den angegebenen Produktpreisen kommen noch Versandkosten hinzu. N\u00e4heres zur H\u00f6he der Versandkosten erfahren Sie bei den Angeboten.<\/p>\n\n\n\n<p>Wir liefern nur im Versandweg. Eine Selbstabholung der Ware ist leider nicht m\u00f6glich.<\/p>\n\n\n\n<p><strong>5.&nbsp;Bezahlung<\/strong><\/p>\n\n\n\n<p>In unserem Shop stehen Ihnen grunds\u00e4tzlich die folgenden Zahlungsarten zur Verf\u00fcgung:<\/p>\n\n\n\n<p><strong>Vorkasse<\/strong><br>Bei Auswahl der Zahlungsart Vorkasse nennen wir Ihnen unsere Bankverbindung in separater E-Mail und liefern die Ware nach Zahlungseingang.<\/p>\n\n\n\n<p><strong>PayPal, PayPal Express<\/strong><br>Im Bestellprozess werden Sie auf die Webseite des Online-Anbieters PayPal weitergeleitet. Um den Rechnungsbetrag \u00fcber PayPal bezahlen zu k\u00f6nnen, m\u00fcssen Sie dort registriert sein bzw. sich erst registrieren, mit Ihren Zugangsdaten legitimieren und die Zahlungsanweisung an uns best\u00e4tigen. Nach Abgabe der Bestellung im Shop fordern wir PayPal zur Einleitung der Zahlungstransaktion auf. Die Zahlungstransaktion wird durch PayPal unmittelbar danach automatisch durchgef\u00fchrt. Weitere Hinweise erhalten Sie beim Bestellvorgang.<\/p>\n\n\n\n<p><strong>PayPal Plus<\/strong><br>Im Rahmen des Zahlungsdienstes PayPal Plus bieten wir Ihnen verschiedene Zahlungsmethoden als PayPal Services an. Sie werden auf die Webseite des Online-Anbieters PayPal weitergeleitet. Dort k\u00f6nnen Sie Ihre Zahlungsdaten angeben, die Verwendung Ihrer Daten durch PayPal und die Zahlungsanweisung an PayPal best\u00e4tigen.<\/p>\n\n\n\n<p>Wenn Sie die Zahlungsart\u00a0<strong>PayPal<\/strong>\u00a0gew\u00e4hlt haben, m\u00fcssen Sie, um den Rechnungsbetrag bezahlen zu k\u00f6nnen, dort registriert sein bzw. sich erst registrieren und mit Ihren Zugangsdaten legitimieren. Die Zahlungstransaktion wird von PayPal unmittelbar nach Best\u00e4tigung der Zahlungsanweisung automatisch durchgef\u00fchrt. Weitere Hinweise erhalten Sie beim Bestellvorgang.<\/p>\n\n\n\n<p><strong>Amazon Pay<\/strong><br>Im Bestellprozess werden Sie auf die Webseite des Online-Anbieters Amazon noch vor Abschluss des Bestellvorganges in unserem Online-Shop weitergeleitet. Um \u00fcber Amazon den Bestellprozess abwickeln und den Rechnungsbetrag bezahlen zu k\u00f6nnen, m\u00fcssen Sie dort registriert sein bzw. sich erst registrieren und mit Ihren Zugangsdaten legitimieren. Dort k\u00f6nnen Sie die bei Amazon gespeicherte Lieferadresse und Zahlungsmethode w\u00e4hlen, die Verwendung Ihrer Daten durch Amazon und die Zahlungsanweisung an uns best\u00e4tigen. Anschlie\u00dfend werden Sie zu unserem Online-Shop zur\u00fcckgeleitet, wo Sie den Bestellvorgang abschlie\u00dfen k\u00f6nnen. Unmittelbar nach der Bestellung fordern wir Amazon zur Einleitung der Zahlungstransaktion auf. Die Zahlungstransaktion wird durch Amazon automatisch durchgef\u00fchrt. Weitere Hinweise erhalten Sie beim Bestellvorgang.<\/p>\n\n\n\n<p><strong>6.&nbsp;Eigentumsvorbehalt<\/strong><\/p>\n\n\n\n<p>Die Ware bleibt bis zur vollst\u00e4ndigen Bezahlung unser Eigentum.<\/p>\n\n\n\n<p><strong>7.&nbsp;Gew\u00e4hrleistung und Garantien<\/strong><\/p>\n\n\n\n<p>Es gilt das gesetzliche M\u00e4ngelhaftungsrecht. Informationen zu gegebenenfalls geltenden zus\u00e4tzlichen Garantien und deren genaue Bedingungen finden Sie jeweils beim Produkt und auf besonderen Informationsseiten im Online-Shop.<\/p>\n\n\n\n<p><strong>8.&nbsp;Streitbeilegung<\/strong><\/p>\n\n\n\n<p>Die Europ\u00e4ische Kommission stellt eine Plattform zur Online-Streitbeilegung (OS) bereit, die Sie\u00a0<a href=\"https:\/\/ec.europa.eu\/consumers\/odr\/\" target=\"_blank\" rel=\"noreferrer noopener\">hier<\/a>\u00a0finden. Zur Teilnahme an einem Streitbeilegungsverfahren vor einer Verbraucherschlichtungsstelle sind wir nicht verpflichtet und nicht bereit.<\/p>\n\n\n\n<p><em>AGB erstellt mit\u00a0<a target=\"_blank\" href=\"https:\/\/legal.trustedshops.com\/legalwizard\" rel=\"noreferrer noopener\">rechtstexter.de<\/a>.<\/em><\/p>\n","protected":false},"excerpt":{"rendered":"<p>Allgemeine Gesch\u00e4ftsbedingungen 1.&nbsp;Geltungsbereich F\u00fcr alle Bestellungen \u00fcber unseren Online-Shop gelten die nachfolgenden AGB. Unser Online-Shop richtet sich ausschlie\u00dflich an Verbraucher. Verbraucher ist jede nat\u00fcrliche Person, die ein Rechtsgesch\u00e4ft zu Zwecken abschlie\u00dft, die \u00fcberwiegend weder ihrer gewerblichen noch ihrer selbst\u00e4ndigen beruflichen T\u00e4tigkeit zugerechnet werden k\u00f6nnen. Unternehmer ist eine nat\u00fcrliche oder juristische [&hellip;]<\/p>\n","protected":false},"author":1,"featured_media":55,"parent":0,"menu_order":0,"comment_status":"closed","ping_status":"closed","template":"","meta":{"footnotes":""},"yoast_head":"<!-- This site is optimized with the Yoast SEO plugin v21.7 - https:\/\/yoast.com\/wordpress\/plugins\/seo\/ -->\n<title>AGB<\/title>\n<meta name=\"robots\" content=\"index, follow, max-snippet:-1, max-image-preview:large, max-video-preview:-1\" \/>\n<link rel=\"canonical\" href=\"https:\/\/www.plenio-online.de\/index.php\/agb\/\" \/>\n<meta property=\"og:locale\" content=\"de_DE\" \/>\n<meta property=\"og:type\" content=\"article\" \/>\n<meta property=\"og:title\" content=\"AGB\" \/>\n<meta property=\"og:description\" content=\"Allgemeine Gesch\u00e4ftsbedingungen 1.&nbsp;Geltungsbereich F\u00fcr alle Bestellungen \u00fcber unseren Online-Shop gelten die nachfolgenden AGB. Unser Online-Shop richtet sich ausschlie\u00dflich an Verbraucher. Verbraucher ist jede nat\u00fcrliche Person, die ein Rechtsgesch\u00e4ft zu Zwecken abschlie\u00dft, die \u00fcberwiegend weder ihrer gewerblichen noch ihrer selbst\u00e4ndigen beruflichen T\u00e4tigkeit zugerechnet werden k\u00f6nnen. Unternehmer ist eine nat\u00fcrliche oder juristische [&hellip;]\" \/>\n<meta property=\"og:url\" content=\"https:\/\/www.plenio-online.de\/index.php\/agb\/\" \/>\n<meta property=\"og:site_name\" content=\"Computerservice Ronny Plenio\" \/>\n<meta property=\"article:modified_time\" content=\"2020-07-29T07:26:34+00:00\" \/>\n<meta property=\"og:image\" content=\"https:\/\/www.plenio-online.de\/wp-content\/uploads\/2019\/03\/31876584947_a27f1cd5df_b-2.jpg\" \/>\n\t<meta property=\"og:image:width\" content=\"1024\" \/>\n\t<meta property=\"og:image:height\" content=\"685\" \/>\n\t<meta property=\"og:image:type\" content=\"image\/jpeg\" \/>\n<meta name=\"twitter:card\" content=\"summary_large_image\" \/>\n<meta name=\"twitter:label1\" content=\"Gesch\u00e4tzte Lesezeit\" \/>\n\t<meta name=\"twitter:data1\" content=\"3\u00a0Minuten\" \/>\n<script type=\"application\/ld+json\" class=\"yoast-schema-graph\">{\"@context\":\"https:\/\/schema.org\",\"@graph\":[{\"@type\":\"WebPage\",\"@id\":\"https:\/\/www.plenio-online.de\/index.php\/agb\/\",\"url\":\"https:\/\/www.plenio-online.de\/index.php\/agb\/\",\"name\":\"AGB\",\"isPartOf\":{\"@id\":\"https:\/\/www.plenio-online.de\/#website\"},\"datePublished\":\"2020-03-19T12:36:58+00:00\",\"dateModified\":\"2020-07-29T07:26:34+00:00\",\"breadcrumb\":{\"@id\":\"https:\/\/www.plenio-online.de\/index.php\/agb\/#breadcrumb\"},\"inLanguage\":\"de\",\"potentialAction\":[{\"@type\":\"ReadAction\",\"target\":[\"https:\/\/www.plenio-online.de\/index.php\/agb\/\"]}]},{\"@type\":\"BreadcrumbList\",\"@id\":\"https:\/\/www.plenio-online.de\/index.php\/agb\/#breadcrumb\",\"itemListElement\":[{\"@type\":\"ListItem\",\"position\":1,\"name\":\"Startseite\",\"item\":\"https:\/\/www.plenio-online.de\/\"},{\"@type\":\"ListItem\",\"position\":2,\"name\":\"AGB\"}]},{\"@type\":\"WebSite\",\"@id\":\"https:\/\/www.plenio-online.de\/#website\",\"url\":\"https:\/\/www.plenio-online.de\/\",\"name\":\"Computerservice Ronny Plenio\",\"description\":\"\",\"potentialAction\":[{\"@type\":\"SearchAction\",\"target\":{\"@type\":\"EntryPoint\",\"urlTemplate\":\"https:\/\/www.plenio-online.de\/?s={search_term_string}\"},\"query-input\":\"required name=search_term_string\"}],\"inLanguage\":\"de\"}]}<\/script>\n<!-- \/ Yoast SEO plugin. -->","yoast_head_json":{"title":"AGB","robots":{"index":"index","follow":"follow","max-snippet":"max-snippet:-1","max-image-preview":"max-image-preview:large","max-video-preview":"max-video-preview:-1"},"canonical":"https:\/\/www.plenio-online.de\/index.php\/agb\/","og_locale":"de_DE","og_type":"article","og_title":"AGB","og_description":"Allgemeine Gesch\u00e4ftsbedingungen 1.&nbsp;Geltungsbereich F\u00fcr alle Bestellungen \u00fcber unseren Online-Shop gelten die nachfolgenden AGB. Unser Online-Shop richtet sich ausschlie\u00dflich an Verbraucher. Verbraucher ist jede nat\u00fcrliche Person, die ein Rechtsgesch\u00e4ft zu Zwecken abschlie\u00dft, die \u00fcberwiegend weder ihrer gewerblichen noch ihrer selbst\u00e4ndigen beruflichen T\u00e4tigkeit zugerechnet werden k\u00f6nnen. Unternehmer ist eine nat\u00fcrliche oder juristische [&hellip;]","og_url":"https:\/\/www.plenio-online.de\/index.php\/agb\/","og_site_name":"Computerservice Ronny Plenio","article_modified_time":"2020-07-29T07:26:34+00:00","og_image":[{"width":1024,"height":685,"url":"https:\/\/www.plenio-online.de\/wp-content\/uploads\/2019\/03\/31876584947_a27f1cd5df_b-2.jpg","type":"image\/jpeg"}],"twitter_card":"summary_large_image","twitter_misc":{"Gesch\u00e4tzte Lesezeit":"3\u00a0Minuten"},"schema":{"@context":"https:\/\/schema.org","@graph":[{"@type":"WebPage","@id":"https:\/\/www.plenio-online.de\/index.php\/agb\/","url":"https:\/\/www.plenio-online.de\/index.php\/agb\/","name":"AGB","isPartOf":{"@id":"https:\/\/www.plenio-online.de\/#website"},"datePublished":"2020-03-19T12:36:58+00:00","dateModified":"2020-07-29T07:26:34+00:00","breadcrumb":{"@id":"https:\/\/www.plenio-online.de\/index.php\/agb\/#breadcrumb"},"inLanguage":"de","potentialAction":[{"@type":"ReadAction","target":["https:\/\/www.plenio-online.de\/index.php\/agb\/"]}]},{"@type":"BreadcrumbList","@id":"https:\/\/www.plenio-online.de\/index.php\/agb\/#breadcrumb","itemListElement":[{"@type":"ListItem","position":1,"name":"Startseite","item":"https:\/\/www.plenio-online.de\/"},{"@type":"ListItem","position":2,"name":"AGB"}]},{"@type":"WebSite","@id":"https:\/\/www.plenio-online.de\/#website","url":"https:\/\/www.plenio-online.de\/","name":"Computerservice Ronny Plenio","description":"","potentialAction":[{"@type":"SearchAction","target":{"@type":"EntryPoint","urlTemplate":"https:\/\/www.plenio-online.de\/?s={search_term_string}"},"query-input":"required name=search_term_string"}],"inLanguage":"de"}]}},"jetpack_sharing_enabled":true,"jetpack_shortlink":"https:\/\/wp.me\/PaOZXD-8j","_links":{"self":[{"href":"https:\/\/www.plenio-online.de\/index.php\/wp-json\/wp\/v2\/pages\/515"}],"collection":[{"href":"https:\/\/www.plenio-online.de\/index.php\/wp-json\/wp\/v2\/pages"}],"about":[{"href":"https:\/\/www.plenio-online.de\/index.php\/wp-json\/wp\/v2\/types\/page"}],"author":[{"embeddable":true,"href":"https:\/\/www.plenio-online.de\/index.php\/wp-json\/wp\/v2\/users\/1"}],"replies":[{"embeddable":true,"href":"https:\/\/www.plenio-online.de\/index.php\/wp-json\/wp\/v2\/comments?post=515"}],"version-history":[{"count":2,"href":"https:\/\/www.plenio-online.de\/index.php\/wp-json\/wp\/v2\/pages\/515\/revisions"}],"predecessor-version":[{"id":2151,"href":"https:\/\/www.plenio-online.de\/index.php\/wp-json\/wp\/v2\/pages\/515\/revisions\/2151"}],"wp:featuredmedia":[{"embeddable":true,"href":"https:\/\/www.plenio-online.de\/index.php\/wp-json\/wp\/v2\/media\/55"}],"wp:attachment":[{"href":"https:\/\/www.plenio-online.de\/index.php\/wp-json\/wp\/v2\/media?parent=515"}],"curies":[{"name":"wp","href":"https:\/\/api.w.org\/{rel}","templated":true}]}}